{"id":2,"date":"2024-10-02T09:37:37","date_gmt":"2024-10-02T09:37:37","guid":{"rendered":"https:\/\/ludology.uni-ak.ac.at\/?page_id=2"},"modified":"2025-09-09T17:16:18","modified_gmt":"2025-09-09T17:16:18","slug":"sample-page","status":"publish","type":"page","link":"https:\/\/ludology.uni-ak.ac.at\/index.php\/sample-page\/","title":{"rendered":"About"},"content":{"rendered":"\n<p>Das Ludologische Symposium ist eine inter- und transdisziplin\u00e4re Wiener Arbeitsgruppe, die sich mit der Machbarkeit und dem Potenzial einer koh\u00e4renten Ludologie, einer Wissenschaft des Spiels, befasst.<\/p>\n\n\n\n<p>Dieses Kollektiv ist die Basis f\u00fcr verschiedene Aktivit\u00e4ten: Forschungsprojekte, Workshops, Vernetzung und Publikationen.<\/p>\n\n\n\n<h2 class=\"wp-block-heading\">Impressum<\/h2>\n\n\n\n<p>F\u00fcr die Inhalte verantwortlich:<\/p>\n\n\n\n<p><strong>Dr. Mag. Simon Huber BA<\/strong><\/p>\n\n\n\n<p>+431711332821<br>Rosenbursenstra\u00dfe 3 (Georg-Coch-Platz 2) 1.OG<br>A-1010 Wien<\/p>\n\n\n\n<p>Die Website dient zur Ver\u00f6ffentlichung der Ergebnisse des Forschungsprojekts <a href=\"https:\/\/www.dieangewandte.at\/jart\/prj3\/angewandte-2016\/main.jart?rel=de&amp;reserve-mode=active&amp;content-id=1609322325708&amp;projekt_id=1724121737967\">Game Design in Terms of Cultural Techniques<\/a>.<\/p>\n\n\n\n<p><em>Dieses Forschungsprojekt wurde teilweise durch das INTRA-Programm der Universit\u00e4t f\u00fcr angewandte Kunst Wien finanziert.<\/em><\/p>\n\n\n\n<p><\/p>\n","protected":false},"excerpt":{"rendered":"<p>Das Ludologische Symposium ist eine inter- und transdisziplin\u00e4re Wiener Arbeitsgruppe, die sich mit der Machbarkeit und dem Potenzial einer koh\u00e4renten Ludologie, einer Wissenschaft des Spiels, befasst. Dieses Kollektiv ist die Basis f\u00fcr verschiedene Aktivit\u00e4ten: Forschungsprojekte, Workshops, Vernetzung und Publikationen. Impressum F\u00fcr die Inhalte verantwortlich: Dr. Mag. Simon Huber BA +431711332821Rosenbursenstra\u00dfe 3 (Georg-Coch-Platz 2) 1.OGA-1010 Wien [&hellip;]<\/p>\n","protected":false},"author":1,"featured_media":0,"parent":0,"menu_order":0,"comment_status":"closed","ping_status":"closed","template":"","meta":{"footnotes":""},"class_list":["post-2","page","type-page","status-publish","hentry"],"_links":{"self":[{"href":"https:\/\/ludology.uni-ak.ac.at\/index.php\/wp-json\/wp\/v2\/pages\/2","targetHints":{"allow":["GET"]}}],"collection":[{"href":"https:\/\/ludology.uni-ak.ac.at\/index.php\/wp-json\/wp\/v2\/pages"}],"about":[{"href":"https:\/\/ludology.uni-ak.ac.at\/index.php\/wp-json\/wp\/v2\/types\/page"}],"author":[{"embeddable":true,"href":"https:\/\/ludology.uni-ak.ac.at\/index.php\/wp-json\/wp\/v2\/users\/1"}],"replies":[{"embeddable":true,"href":"https:\/\/ludology.uni-ak.ac.at\/index.php\/wp-json\/wp\/v2\/comments?post=2"}],"version-history":[{"count":9,"href":"https:\/\/ludology.uni-ak.ac.at\/index.php\/wp-json\/wp\/v2\/pages\/2\/revisions"}],"predecessor-version":[{"id":280,"href":"https:\/\/ludology.uni-ak.ac.at\/index.php\/wp-json\/wp\/v2\/pages\/2\/revisions\/280"}],"wp:attachment":[{"href":"https:\/\/ludology.uni-ak.ac.at\/index.php\/wp-json\/wp\/v2\/media?parent=2"}],"curies":[{"name":"wp","href":"https:\/\/api.w.org\/{rel}","templated":true}]}}